{"id":9674,"date":"2024-10-29T11:36:14","date_gmt":"2024-10-29T16:36:14","guid":{"rendered":"https:\/\/www.interstaffinc.com\/calculadora-roi\/"},"modified":"2024-10-29T11:36:14","modified_gmt":"2024-10-29T16:36:14","slug":"calculadora-roi","status":"publish","type":"page","link":"https:\/\/www.interstaffinc.com\/es\/calculadora-roi\/","title":{"rendered":"Calculadora ROI"},"content":{"rendered":"<h2>Podr\u00edas ahorrar MUCHO con personal de enfermer\u00eda internacional<\/h2>\n<p>De media, al sustituir a 5 enfermeras viajeras por 5 enfermeras internacionales, nuestros clientes ahorran m\u00e1s de 600.000 $ en 3 a\u00f1os, y ese ahorro aumenta a\u00fan m\u00e1s con el tiempo, cuando nuestras enfermeras se convierten en personal de plantilla. Comprueba cu\u00e1nto podr\u00eda ahorrar tu hospital con nuestra Calculadora de retorno de la inversi\u00f3n. Para empezar, introduce estimaciones para una unidad.<\/p>\n[gravityform id=\u00bb26&#8243; title=\u00bbfalso\u00bb description=\u00bbfalse\u00bb ajax=\u00bbtrue\u00bb tabindex=\u00bb49&#8243;]\n","protected":false},"excerpt":{"rendered":"<p>Podr\u00edas ahorrar MUCHO con personal de enfermer\u00eda internacional De media, al sustituir a 5 enfermeras viajeras por 5 enfermeras internacionales, nuestros clientes ahorran m\u00e1s de 600.000 $ en 3 a\u00f1os, y ese ahorro aumenta a\u00fan m\u00e1s con el tiempo, cuando nuestras enfermeras se convierten en personal de&#8230;<\/p>\n","protected":false},"author":5,"featured_media":0,"parent":0,"menu_order":0,"comment_status":"closed","ping_status":"closed","template":"","meta":{"footnotes":""},"class_list":["post-9674","page","type-page","status-publish","hentry"],"yoast_head":"<!-- This site is optimized with the Yoast SEO plugin v26.0 - https:\/\/yoast.com\/wordpress\/plugins\/seo\/ -->\n<title>Calculadora ROI - Interstaff | Leading with Care<\/title>\n<meta name=\"robots\" content=\"index, follow, max-snippet:-1, max-image-preview:large, max-video-preview:-1\" \/>\n<link rel=\"canonical\" href=\"https:\/\/www.interstaffinc.com\/es\/calculadora-roi\/\" \/>\n<meta property=\"og:locale\" content=\"es_ES\" \/>\n<meta property=\"og:type\" content=\"article\" \/>\n<meta property=\"og:title\" content=\"Calculadora ROI - Interstaff | Leading with Care\" \/>\n<meta property=\"og:description\" content=\"Podr\u00edas ahorrar MUCHO con personal de enfermer\u00eda internacional De media, al sustituir a 5 enfermeras viajeras por 5 enfermeras internacionales, nuestros clientes ahorran m\u00e1s de 600.000 $ en 3 a\u00f1os, y ese ahorro aumenta a\u00fan m\u00e1s con el tiempo, cuando nuestras enfermeras se convierten en personal de...\" \/>\n<meta property=\"og:url\" content=\"https:\/\/www.interstaffinc.com\/es\/calculadora-roi\/\" \/>\n<meta property=\"og:site_name\" content=\"Interstaff | Leading with Care\" \/>\n<meta property=\"article:publisher\" content=\"https:\/\/www.facebook.com\/interstaffinc\/\" \/>\n<meta name=\"twitter:card\" content=\"summary_large_image\" \/>\n<meta name=\"twitter:label1\" content=\"Tiempo de lectura\" \/>\n\t<meta name=\"twitter:data1\" content=\"1 minuto\" \/>\n<script type=\"application\/ld+json\" class=\"yoast-schema-graph\">{\"@context\":\"https:\/\/schema.org\",\"@graph\":[{\"@type\":\"WebPage\",\"@id\":\"https:\/\/www.interstaffinc.com\/es\/calculadora-roi\/\",\"url\":\"https:\/\/www.interstaffinc.com\/es\/calculadora-roi\/\",\"name\":\"Calculadora ROI - Interstaff | Leading with Care\",\"isPartOf\":{\"@id\":\"https:\/\/www.interstaffinc.com\/es\/#website\"},\"datePublished\":\"2024-10-29T16:36:14+00:00\",\"breadcrumb\":{\"@id\":\"https:\/\/www.interstaffinc.com\/es\/calculadora-roi\/#breadcrumb\"},\"inLanguage\":\"es\",\"potentialAction\":[{\"@type\":\"ReadAction\",\"target\":[\"https:\/\/www.interstaffinc.com\/es\/calculadora-roi\/\"]}]},{\"@type\":\"BreadcrumbList\",\"@id\":\"https:\/\/www.interstaffinc.com\/es\/calculadora-roi\/#breadcrumb\",\"itemListElement\":[{\"@type\":\"ListItem\",\"position\":1,\"name\":\"Home\",\"item\":\"https:\/\/www.interstaffinc.com\/es\/\"},{\"@type\":\"ListItem\",\"position\":2,\"name\":\"Calculadora ROI\"}]},{\"@type\":\"WebSite\",\"@id\":\"https:\/\/www.interstaffinc.com\/es\/#website\",\"url\":\"https:\/\/www.interstaffinc.com\/es\/\",\"name\":\"Interstaff | Leading with Care\",\"description\":\"Staffing services for international nurses and U.S hospital systems.\",\"publisher\":{\"@id\":\"https:\/\/www.interstaffinc.com\/es\/#organization\"},\"potentialAction\":[{\"@type\":\"SearchAction\",\"target\":{\"@type\":\"EntryPoint\",\"urlTemplate\":\"https:\/\/www.interstaffinc.com\/es\/?s={search_term_string}\"},\"query-input\":{\"@type\":\"PropertyValueSpecification\",\"valueRequired\":true,\"valueName\":\"search_term_string\"}}],\"inLanguage\":\"es\"},{\"@type\":\"Organization\",\"@id\":\"https:\/\/www.interstaffinc.com\/es\/#organization\",\"name\":\"Interstaff | Leading with Care\",\"url\":\"https:\/\/www.interstaffinc.com\/es\/\",\"logo\":{\"@type\":\"ImageObject\",\"inLanguage\":\"es\",\"@id\":\"https:\/\/www.interstaffinc.com\/es\/#\/schema\/logo\/image\/\",\"url\":\"https:\/\/www.interstaffinc.com\/wp-content\/uploads\/2023\/12\/Logo.png\",\"contentUrl\":\"https:\/\/www.interstaffinc.com\/wp-content\/uploads\/2023\/12\/Logo.png\",\"width\":237,\"height\":50,\"caption\":\"Interstaff | Leading with Care\"},\"image\":{\"@id\":\"https:\/\/www.interstaffinc.com\/es\/#\/schema\/logo\/image\/\"},\"sameAs\":[\"https:\/\/www.facebook.com\/interstaffinc\/\",\"https:\/\/www.instagram.com\/interstaff_\/\",\"https:\/\/www.linkedin.com\/company\/inter-staff\"]}]}<\/script>\n<!-- \/ Yoast SEO plugin. -->","yoast_head_json":{"title":"Calculadora ROI - Interstaff | Leading with Care","robots":{"index":"index","follow":"follow","max-snippet":"max-snippet:-1","max-image-preview":"max-image-preview:large","max-video-preview":"max-video-preview:-1"},"canonical":"https:\/\/www.interstaffinc.com\/es\/calculadora-roi\/","og_locale":"es_ES","og_type":"article","og_title":"Calculadora ROI - Interstaff | Leading with Care","og_description":"Podr\u00edas ahorrar MUCHO con personal de enfermer\u00eda internacional De media, al sustituir a 5 enfermeras viajeras por 5 enfermeras internacionales, nuestros clientes ahorran m\u00e1s de 600.000 $ en 3 a\u00f1os, y ese ahorro aumenta a\u00fan m\u00e1s con el tiempo, cuando nuestras enfermeras se convierten en personal de...","og_url":"https:\/\/www.interstaffinc.com\/es\/calculadora-roi\/","og_site_name":"Interstaff | Leading with Care","article_publisher":"https:\/\/www.facebook.com\/interstaffinc\/","twitter_card":"summary_large_image","twitter_misc":{"Tiempo de lectura":"1 minuto"},"schema":{"@context":"https:\/\/schema.org","@graph":[{"@type":"WebPage","@id":"https:\/\/www.interstaffinc.com\/es\/calculadora-roi\/","url":"https:\/\/www.interstaffinc.com\/es\/calculadora-roi\/","name":"Calculadora ROI - Interstaff | Leading with Care","isPartOf":{"@id":"https:\/\/www.interstaffinc.com\/es\/#website"},"datePublished":"2024-10-29T16:36:14+00:00","breadcrumb":{"@id":"https:\/\/www.interstaffinc.com\/es\/calculadora-roi\/#breadcrumb"},"inLanguage":"es","potentialAction":[{"@type":"ReadAction","target":["https:\/\/www.interstaffinc.com\/es\/calculadora-roi\/"]}]},{"@type":"BreadcrumbList","@id":"https:\/\/www.interstaffinc.com\/es\/calculadora-roi\/#breadcrumb","itemListElement":[{"@type":"ListItem","position":1,"name":"Home","item":"https:\/\/www.interstaffinc.com\/es\/"},{"@type":"ListItem","position":2,"name":"Calculadora ROI"}]},{"@type":"WebSite","@id":"https:\/\/www.interstaffinc.com\/es\/#website","url":"https:\/\/www.interstaffinc.com\/es\/","name":"Interstaff | Leading with Care","description":"Staffing services for international nurses and U.S hospital systems.","publisher":{"@id":"https:\/\/www.interstaffinc.com\/es\/#organization"},"potentialAction":[{"@type":"SearchAction","target":{"@type":"EntryPoint","urlTemplate":"https:\/\/www.interstaffinc.com\/es\/?s={search_term_string}"},"query-input":{"@type":"PropertyValueSpecification","valueRequired":true,"valueName":"search_term_string"}}],"inLanguage":"es"},{"@type":"Organization","@id":"https:\/\/www.interstaffinc.com\/es\/#organization","name":"Interstaff | Leading with Care","url":"https:\/\/www.interstaffinc.com\/es\/","logo":{"@type":"ImageObject","inLanguage":"es","@id":"https:\/\/www.interstaffinc.com\/es\/#\/schema\/logo\/image\/","url":"https:\/\/www.interstaffinc.com\/wp-content\/uploads\/2023\/12\/Logo.png","contentUrl":"https:\/\/www.interstaffinc.com\/wp-content\/uploads\/2023\/12\/Logo.png","width":237,"height":50,"caption":"Interstaff | Leading with Care"},"image":{"@id":"https:\/\/www.interstaffinc.com\/es\/#\/schema\/logo\/image\/"},"sameAs":["https:\/\/www.facebook.com\/interstaffinc\/","https:\/\/www.instagram.com\/interstaff_\/","https:\/\/www.linkedin.com\/company\/inter-staff"]}]}},"_links":{"self":[{"href":"https:\/\/www.interstaffinc.com\/es\/wp-json\/wp\/v2\/pages\/9674","targetHints":{"allow":["GET"]}}],"collection":[{"href":"https:\/\/www.interstaffinc.com\/es\/wp-json\/wp\/v2\/pages"}],"about":[{"href":"https:\/\/www.interstaffinc.com\/es\/wp-json\/wp\/v2\/types\/page"}],"author":[{"embeddable":true,"href":"https:\/\/www.interstaffinc.com\/es\/wp-json\/wp\/v2\/users\/5"}],"replies":[{"embeddable":true,"href":"https:\/\/www.interstaffinc.com\/es\/wp-json\/wp\/v2\/comments?post=9674"}],"version-history":[{"count":0,"href":"https:\/\/www.interstaffinc.com\/es\/wp-json\/wp\/v2\/pages\/9674\/revisions"}],"wp:attachment":[{"href":"https:\/\/www.interstaffinc.com\/es\/wp-json\/wp\/v2\/media?parent=9674"}],"curies":[{"name":"wp","href":"https:\/\/api.w.org\/{rel}","templated":true}]}}